{"id":3150,"date":"2021-08-16T14:02:09","date_gmt":"2021-08-16T17:02:09","guid":{"rendered":"https:\/\/www.terenos.ms.gov.br\/?page_id=3150"},"modified":"2021-10-26T11:45:03","modified_gmt":"2021-10-26T14:45:03","slug":"lei-aldir-blanc","status":"publish","type":"page","link":"https:\/\/www.terenos.ms.gov.br\/?page_id=3150","title":{"rendered":"Lei Aldir Blanc"},"content":{"rendered":"<p>[et_pb_section fb_built=&#8221;1&#8243; admin_label=&#8221;Hero&#8221; _builder_version=&#8221;4.9.0&#8243; background_image=&#8221;http:\/\/www.terenos.ms.gov.br\/wp-content\/uploads\/fundoazul.png&#8221; custom_margin=&#8221;||||false&#8221; custom_padding=&#8221;0vw||0vw||true|false&#8221;][et_pb_row column_structure=&#8221;2_3,1_3&#8243; _builder_version=&#8221;3.25&#8243;][et_pb_column type=&#8221;2_3&#8243; _builder_version=&#8221;3.25&#8243; custom_padding=&#8221;|||&#8221; custom_padding__hover=&#8221;|||&#8221;][et_pb_text _builder_version=&#8221;4.9.0&#8243; text_font=&#8221;|700|||||||&#8221; text_font_size=&#8221;24px&#8221; header_font=&#8221;Rubik|700|||||||&#8221; header_font_size=&#8221;64px&#8221; header_line_height=&#8221;1.1em&#8221; background_layout=&#8221;dark&#8221; max_width=&#8221;800px&#8221; custom_margin=&#8221;||0px|&#8221; custom_padding=&#8221;|||16px&#8221; text_font_size_tablet=&#8221;14px&#8221; text_font_size_last_edited=&#8221;off|desktop&#8221; header_font_size_tablet=&#8221;44px&#8221; header_font_size_phone=&#8221;32px&#8221; header_font_size_last_edited=&#8221;on|phone&#8221; text_text_shadow_style=&#8221;preset2&#8243; border_color_all=&#8221;#ffb400&#8243; border_width_left=&#8221;10px&#8221;]<\/p>\n<h1>Lei<\/h1>\n<h1>Aldir Blanc<\/h1>\n<p>[\/et_pb_text][\/et_pb_column][et_pb_column type=&#8221;1_3&#8243; _builder_version=&#8221;3.25&#8243; custom_padding=&#8221;|||&#8221; custom_padding__hover=&#8221;|||&#8221;][\/et_pb_column][\/et_pb_row][\/et_pb_section][et_pb_section fb_built=&#8221;1&#8243; admin_label=&#8221;About&#8221; _builder_version=&#8221;4.9.0&#8243; custom_padding=&#8221;||0px|||&#8221;][et_pb_row column_structure=&#8221;3_5,2_5&#8243; _builder_version=&#8221;4.9.0&#8243;][et_pb_column type=&#8221;3_5&#8243; _builder_version=&#8221;3.25&#8243; custom_padding=&#8221;|||&#8221; custom_padding__hover=&#8221;|||&#8221;][et_pb_text _builder_version=&#8221;4.9.0&#8243; text_font=&#8221;||||||||&#8221; text_font_size=&#8221;15px&#8221; text_line_height=&#8221;1.8em&#8221; custom_padding=&#8221;|||&#8221; custom_padding_tablet=&#8221;|40px||40px||true&#8221; custom_padding_last_edited=&#8221;off|desktop&#8221;]<\/p>\n<p data-uw-styling-context=\"true\">A Lei Aldir Blanc (Lei federal n\u00ba 14.017 de 29 de junho de 2020), tem como objetivo central estabelecer ajuda emergencial para artistas, coletivos e empresas que atuam no setor cultural e atravessam dificuldades financeiras durante a pandemia.<\/p>\n<p data-uw-styling-context=\"true\">Em homenagem ao compositor e escritor Aldir Blanc, que morreu em maio, v\u00edtima da Covid-19, o projeto vem para socorrer profissionais e espa\u00e7os da \u00e1rea que foram obrigados a suspender seus trabalhos.<\/p>\n<p data-uw-styling-context=\"true\">De acordo com a lei, o recurso total de R$ 3 bilh\u00f5es ser\u00e1 distribu\u00eddo de forma que 50% do valor sejam destinados aos estados e ao Distrito Federal \u2013 deste montante, 20% ser\u00e3o distribu\u00eddos segundo crit\u00e9rios do Fundo de Participa\u00e7\u00e3o dos Estados (FPE) e os outros 80% ser\u00e3o alocados proporcionalmente entre a popula\u00e7\u00e3o local. A outra metade, por sua vez, ser\u00e1 destinada aos munic\u00edpios e ao DF, obedecendo aos mesmos crit\u00e9rios de rateio. O valor total destinado ao MS \u00e9 de R$ 40.787.545,71, sendo R$ 20.514.887,18 para execu\u00e7\u00e3o das a\u00e7\u00f5es pelo estado e R$ 20.269.658,53 distribu\u00eddos entre os 79 munic\u00edpios.<\/p>\n<p data-uw-styling-context=\"true\">Caber\u00e1 aos estados, ao DF e aos munic\u00edpios o pagamento dos benef\u00edcios, a organiza\u00e7\u00e3o de editais, a distribui\u00e7\u00e3o dos recursos e o cadastramento dos beneficiados. Nesse sentido, a Funda\u00e7\u00e3o de Cultura de Mato Grosso do Sul (FCMS) ser\u00e1 a respons\u00e1vel pela aloca\u00e7\u00e3o do montante destinado pela Uni\u00e3o ao estado.<\/p>\n<p>[\/et_pb_text][\/et_pb_column][et_pb_column type=&#8221;2_5&#8243; _builder_version=&#8221;3.25&#8243; custom_padding=&#8221;|||&#8221; custom_padding__hover=&#8221;|||&#8221;][et_pb_image src=&#8221;http:\/\/www.terenos.ms.gov.br\/wp-content\/uploads\/Aldir-Blanc-Foto-arquivo-do-artista_-2006.png&#8221; title_text=&#8221;Aldir-Blanc-Foto-arquivo-do-artista_-2006&#8243; _builder_version=&#8221;4.9.0&#8243; _module_preset=&#8221;default&#8221;][\/et_pb_image][et_pb_text _builder_version=&#8221;4.9.0&#8243; _module_preset=&#8221;default&#8221;]<\/p>\n<p style=\"text-align: right;\"><span>Aldir Blanc. Foto: arquivo do artista \u2013 2006<\/span><\/p>\n<p>[\/et_pb_text][\/et_pb_column][\/et_pb_row][\/et_pb_section][et_pb_section fb_built=&#8221;1&#8243; _builder_version=&#8221;4.9.0&#8243; _module_preset=&#8221;default&#8221; min_height=&#8221;525.4px&#8221; custom_padding=&#8221;||0px|||&#8221;][et_pb_row _builder_version=&#8221;4.9.0&#8243; _module_preset=&#8221;default&#8221;][et_pb_column type=&#8221;4_4&#8243; _builder_version=&#8221;4.9.0&#8243; _module_preset=&#8221;default&#8221;][et_pb_text _builder_version=&#8221;4.9.0&#8243; _module_preset=&#8221;default&#8221;]<\/p>\n<h3><strong><a href=\"https:\/\/www.fundacaodecultura.ms.gov.br\/links-dos-videos-lab\/\" data-uw-styling-context=\"true\">Portaria e Links &#8211; Lei Aldir Blanc<\/a><\/strong><\/h3>\n<p>[\/et_pb_text][et_pb_text _builder_version=&#8221;4.9.0&#8243; _module_preset=&#8221;default&#8221; link_option_url=&#8221;https:\/\/docs.google.com\/forms\/d\/e\/1FAIpQLSfZ2UqHjsOgAI1FYnK7MIWYieLy1Ju1bMvceR3zuxe1zYNTug\/viewform&#8221; link_option_url_new_window=&#8221;on&#8221;]<\/p>\n<p><a href=\"https:\/\/www.mapacultural.ms.gov.br\/\"><strong data-uw-styling-context=\"true\">Acesso ao MAPA CULTURAL DE MS<\/strong><\/a><\/p>\n<p><strong data-uw-styling-context=\"true\"><a href=\"https:\/\/www.fundacaodecultura.ms.gov.br\/manual-das-marcas\/\" data-uw-styling-context=\"true\">Acesso ao Manual das Marcas\u00a0<\/a><\/strong><\/p>\n<p data-uw-styling-context=\"true\"><strong data-uw-styling-context=\"true\">ATENDIMENTO TIRA-D\u00daVIDAS AOS TRABALHADORES E TRABALHADORAS DA CULTURA NO CADASTRAMENTO:<\/strong><br \/> Deise de Lima &#8211; (67) 3316-9322<br \/> Cl\u00e1udia Le\u00e3o &#8211; (67) 3316-9201<\/p>\n<p data-uw-styling-context=\"true\">Hor\u00e1rio de atendimento:<br \/> De segunda a sexta-feira das 08h \u00e0s 11h30 e das 13h30 \u00e0s 17h.<\/p>\n<p data-uw-styling-context=\"true\"><strong data-uw-styling-context=\"true\">SUPORTE DA PLATAFORMA MAPA CULTURAL DE MS:<\/strong><br \/> Email: suporte.mapacultural@fcms.ms.gov.br<br \/> De segunda a sexta-feira das 08h \u00e0s 11h30 e das 13h30 \u00e0s 17h.<\/p>\n<p><strong data-uw-styling-context=\"true\">PASSO A PASSO PARA FAZER A INSCRI\u00c7\u00c3O CADASTRO DOS ARTISTAS:<\/strong><\/p>\n<p>[\/et_pb_text][et_pb_video src=&#8221;https:\/\/www.fundacaodecultura.ms.gov.br\/wp-content\/uploads\/2020\/10\/VID-20201027-WA0019-1.mp4?_=1&#8243; _builder_version=&#8221;4.9.0&#8243; _module_preset=&#8221;default&#8221;][\/et_pb_video][\/et_pb_column][\/et_pb_row][et_pb_row _builder_version=&#8221;4.9.0&#8243; _module_preset=&#8221;default&#8221;][et_pb_column type=&#8221;4_4&#8243; _builder_version=&#8221;4.9.0&#8243; _module_preset=&#8221;default&#8221;][et_pb_divider divider_weight=&#8221;4px&#8221; _builder_version=&#8221;4.9.0&#8243; _module_preset=&#8221;default&#8221;][\/et_pb_divider][\/et_pb_column][\/et_pb_row][\/et_pb_section][et_pb_section fb_built=&#8221;1&#8243; _builder_version=&#8221;4.9.0&#8243; _module_preset=&#8221;default&#8221;][et_pb_row _builder_version=&#8221;4.9.0&#8243; _module_preset=&#8221;default&#8221;][et_pb_column type=&#8221;4_4&#8243; _builder_version=&#8221;4.9.0&#8243; _module_preset=&#8221;default&#8221;][et_pb_text _builder_version=&#8221;4.9.0&#8243; _module_preset=&#8221;default&#8221; hover_enabled=&#8221;0&#8243; sticky_enabled=&#8221;0&#8243;]<\/p>\n<h2>Prefeitura de Terenos publica Edital para apresenta\u00e7\u00e3o de Projetos Culturais para participa\u00e7\u00e3o no Projeto \u201cCULTURA\u00a0TERENENSE EM DESTAQUE 02\u201d com base na Lei Aldir Blanc.<\/h2>\n<p>[\/et_pb_text][et_pb_image src=&#8221;http:\/\/www.terenos.ms.gov.br\/wp-content\/uploads\/WhatsApp-Image-2021-10-26-at-10.38.30.jpeg&#8221; _builder_version=&#8221;4.9.0&#8243; _module_preset=&#8221;default&#8221; title_text=&#8221;WhatsApp Image 2021-10-26 at 10.38.30&#8243; hover_enabled=&#8221;0&#8243; sticky_enabled=&#8221;0&#8243; align=&#8221;center&#8221;][\/et_pb_image][et_pb_text _builder_version=&#8221;4.9.0&#8243; _module_preset=&#8221;default&#8221; hover_enabled=&#8221;0&#8243; locked=&#8221;off&#8221; sticky_enabled=&#8221;0&#8243;]<\/p>\n<p><strong>Estar\u00e1 dispon\u00edvel no site da Prefeitura Municipal de Terenos (www.terenos.ms.gov.br), no dia 25 de outubro de 2021, o\u00a0<\/strong><strong>EDITAL PARA SELE\u00c7\u00c3O P\u00daBLICA N\u00b0 001\/2021, DE PROJETOS CULTURAIS PARA PARTICIPA\u00c7\u00c3O NO\u00a0<\/strong><strong>PROJETO \u201cCULTURA TERENENSE EM DESTAQUE 02\u201d, com base na Lei Aldir Blanc.<\/strong><\/p>\n<p>&nbsp;<\/p>\n<p>O Edital leva ao conhecimento dos interessados que est\u00e3o abertas inscri\u00e7\u00f5es gratuitas para licita\u00e7\u00e3o, na modalidade\u00a0concurso de premia\u00e7\u00e3o, a fim de selecionar artistas e profissionais envolvidos na produ\u00e7\u00e3o de todas as \u00e1reas art\u00edstico-culturais para apresenta\u00e7\u00f5es, exibi\u00e7\u00f5es e oficinas pr\u00e9-produzidas, que dever\u00e3o ser apresentadas \u201cpresencialmente\u201d,\u00a0desde que sigam as Normas de Biosseguran\u00e7a determinadas pelo \u00d3rg\u00e3o destinado a este fim, conforme as regras e<br \/> prazos estabelecidos, os quais ser\u00e3o regidos pela Lei Federal n\u00b0 8.666\/93 e suas altera\u00e7\u00f5es e por este Edital, que\u00a0corresponde ao seu REGULAMENTO DE SELE\u00c7\u00c3O.<br \/> O Projeto \u201cCULTURA TERENENSE EM DESTAQUE 02\u201d, tem como objetivo premiar propostas que contenham produtos\u00a0culturais de artistas naturais de Terenos ou n\u00e3o, mas desde que; residam neste Munic\u00edpio h\u00e1 pelo menos 02 (dois) anos,\u00a0e que vivam exclusivamente de sua arte, para se apresentarem; exibirem suas obras, realizarem exposi\u00e7\u00f5es e\/ou\u00a0ministrar oficinas, com comprovada atua\u00e7\u00e3o de 02 (dois) anos na \u00e1rea cultural de Terenos e do Estado de Mato Grosso<br \/> do Sul, e que no per\u00edodo de isolamento social, determinado pelas autoridades p\u00fablicas, e que tenham outra fonte de\u00a0renda, mas que n\u00e3o compreendem valores para prover seu sustento e aos seus; nas quais se elencam as advindas de\u00a0seus trabalhos e produ\u00e7\u00f5es na \u00e1rea art\u00edstico-cultural.\u00a0Especificamente este Edital tem a finalidade de selecionar e premiar v\u00eddeos com apresenta\u00e7\u00e3o e ou produ\u00e7\u00e3o art\u00edstica;\u00a0<\/p>\n<p>produzidos por artistas, grupos ou coletivos dos seguintes seguimentos:<br \/> a) Artes C\u00eanicas (Teatro);<br \/> b) Artesanato;<br \/> c) Artes Visuais (Fotografia);<br \/> d) Literatura;<br \/> e) M\u00fasica.<br \/> Os interessados poder\u00e3o ter mais informa\u00e7\u00f5es como premia\u00e7\u00f5es e fichas de inscri\u00e7\u00e3o atrav\u00e9s do Edital que est\u00e1\u00a0dispon\u00edvel no site www.terenos.ms.gov.br<br \/> As inscri\u00e7\u00f5es realizar-se-\u00e3o a partir das 8 horas do dia 25 de outubro de 2021 at\u00e9 \u00e0s 23 horas e 59 minutos do dia 10\u00a0de novembro de 2021, hor\u00e1rios de Mato Grosso do Sul, por meio do formul\u00e1rio Google no endere\u00e7o eletr\u00f4nico\u00a0www.terenos.ms.gov.br, onde cada artista proponente dever\u00e1 inserir o v\u00eddeo\/curta metragem, no email:\u00a0cultura@terenos.ms.gov.br.<br \/> As inscri\u00e7\u00f5es devem ser feitas preenchendo os anexos que est\u00e3o no edital, impressas e enviadas no email acima e\u00a0entregues no Departamento de Educa\u00e7\u00e3o, Cultura e Esportes de Terenos. Ap\u00f3s o encerramento das inscri\u00e7\u00f5es, a\u00a0Comiss\u00e3o ir\u00e1 avaliar os projetos e selecion\u00e1-los.<\/p>\n<p>[\/et_pb_text][\/et_pb_column][\/et_pb_row][et_pb_row _builder_version=&#8221;4.9.0&#8243; _module_preset=&#8221;default&#8221; hover_enabled=&#8221;0&#8243; sticky_enabled=&#8221;0&#8243; link_option_url_new_window=&#8221;on&#8221;][et_pb_column _builder_version=&#8221;4.9.0&#8243; _module_preset=&#8221;default&#8221; type=&#8221;4_4&#8243;][et_pb_text _builder_version=&#8221;4.9.0&#8243; _module_preset=&#8221;default&#8221; link_option_url=&#8221;http:\/\/www.terenos.ms.gov.br\/wp-content\/uploads\/EDITAL-PARA-SELECAO-PUBLICA.docx&#8221; hover_enabled=&#8221;0&#8243; sticky_enabled=&#8221;0&#8243;]<\/p>\n<p><a href=\"http:\/\/www.terenos.ms.gov.br\/wp-content\/uploads\/EDITAL-PARA-SELECAO-PUBLICA.docx\">http:\/\/www.terenos.ms.gov.br\/wp-content\/uploads\/EDITAL-PARA-SELECAO-PUBLICA.docx<\/a><\/p>\n<p>[\/et_pb_text][\/et_pb_column][\/et_pb_row][\/et_pb_section]<\/p>\n","protected":false},"excerpt":{"rendered":"<p>[et_pb_section fb_built=&#8221;1&#8243; admin_label=&#8221;Hero&#8221; _builder_version=&#8221;4.9.0&#8243; background_image=&#8221;http:\/\/www.terenos.ms.gov.br\/wp-content\/uploads\/fundoazul.png&#8221; custom_margin=&#8221;||||false&#8221; custom_padding=&#8221;0vw||0vw||true|false&#8221;][et_pb_row column_structure=&#8221;2_3,1_3&#8243; _builder_version=&#8221;3.25&#8243;][et_pb_column type=&#8221;2_3&#8243; _builder_version=&#8221;3.25&#8243; custom_padding=&#8221;|||&#8221; custom_padding__hover=&#8221;|||&#8221;][et_pb_text _builder_version=&#8221;4.9.0&#8243; text_font=&#8221;|700|||||||&#8221; text_font_size=&#8221;24px&#8221; header_font=&#8221;Rubik|700|||||||&#8221; header_font_size=&#8221;64px&#8221; header_line_height=&#8221;1.1em&#8221; background_layout=&#8221;dark&#8221; max_width=&#8221;800px&#8221; custom_margin=&#8221;||0px|&#8221; custom_padding=&#8221;|||16px&#8221; text_font_size_tablet=&#8221;14px&#8221; text_font_size_last_edited=&#8221;off|desktop&#8221; header_font_size_tablet=&#8221;44px&#8221; header_font_size_phone=&#8221;32px&#8221; header_font_size_last_edited=&#8221;on|phone&#8221; text_text_shadow_style=&#8221;preset2&#8243; border_color_all=&#8221;#ffb400&#8243; border_width_left=&#8221;10px&#8221;] Lei Aldir Blanc [\/et_pb_text][\/et_pb_column][et_pb_column type=&#8221;1_3&#8243; _builder_version=&#8221;3.25&#8243; custom_padding=&#8221;|||&#8221; custom_padding__hover=&#8221;|||&#8221;][\/et_pb_column][\/et_pb_row][\/et_pb_section][et_pb_section fb_built=&#8221;1&#8243; admin_label=&#8221;About&#8221; _builder_version=&#8221;4.9.0&#8243; custom_padding=&#8221;||0px|||&#8221;][et_pb_row column_structure=&#8221;3_5,2_5&#8243; _builder_version=&#8221;4.9.0&#8243;][et_pb_column type=&#8221;3_5&#8243; _builder_version=&#8221;3.25&#8243; custom_padding=&#8221;|||&#8221; custom_padding__hover=&#8221;|||&#8221;][et_pb_text _builder_version=&#8221;4.9.0&#8243; text_font=&#8221;||||||||&#8221; text_font_size=&#8221;15px&#8221; text_line_height=&#8221;1.8em&#8221; custom_padding=&#8221;|||&#8221; custom_padding_tablet=&#8221;|40px||40px||true&#8221; [&hellip;]<\/p>\n","protected":false},"author":4,"featured_media":0,"parent":0,"menu_order":0,"comment_status":"closed","ping_status":"closed","template":"","meta":{"_et_pb_use_builder":"on","_et_pb_old_content":"","_et_gb_content_width":"","footnotes":""},"class_list":["post-3150","page","type-page","status-publish","hentry"],"_links":{"self":[{"href":"https:\/\/www.terenos.ms.gov.br\/index.php?rest_route=\/wp\/v2\/pages\/3150","targetHints":{"allow":["GET"]}}],"collection":[{"href":"https:\/\/www.terenos.ms.gov.br\/index.php?rest_route=\/wp\/v2\/pages"}],"about":[{"href":"https:\/\/www.terenos.ms.gov.br\/index.php?rest_route=\/wp\/v2\/types\/page"}],"author":[{"embeddable":true,"href":"https:\/\/www.terenos.ms.gov.br\/index.php?rest_route=\/wp\/v2\/users\/4"}],"replies":[{"embeddable":true,"href":"https:\/\/www.terenos.ms.gov.br\/index.php?rest_route=%2Fwp%2Fv2%2Fcomments&post=3150"}],"version-history":[{"count":13,"href":"https:\/\/www.terenos.ms.gov.br\/index.php?rest_route=\/wp\/v2\/pages\/3150\/revisions"}],"predecessor-version":[{"id":3474,"href":"https:\/\/www.terenos.ms.gov.br\/index.php?rest_route=\/wp\/v2\/pages\/3150\/revisions\/3474"}],"wp:attachment":[{"href":"https:\/\/www.terenos.ms.gov.br\/index.php?rest_route=%2Fwp%2Fv2%2Fmedia&parent=3150"}],"curies":[{"name":"wp","href":"https:\/\/api.w.org\/{rel}","templated":true}]}}