{"id":2678,"date":"2021-04-19T12:19:29","date_gmt":"2021-04-19T15:19:29","guid":{"rendered":"http:\/\/www.terenos.ms.gov.br\/?page_id=2678"},"modified":"2022-08-18T23:31:14","modified_gmt":"2022-08-19T03:31:14","slug":"noticias-em-destaque","status":"publish","type":"page","link":"https:\/\/www.terenos.ms.gov.br\/?page_id=2678","title":{"rendered":"Not\u00edcias em Destaque"},"content":{"rendered":"<p>[et_pb_section][et_pb_row][et_pb_column type=&#8221;4_4&#8243;][et_pb_text]<\/p>\n\r\n\t\t<div class=\"wpfp-featured-post-grid design-1 wpfp-clearfix \">\r\n\r\n\t\t\t<div class=\"wpfp-medium-4 wpfpcolumns\">\n\t<a class=\"wpfp-link-overlay\" href=\"https:\/\/www.terenos.ms.gov.br\/?p=8568\"><\/a>\n\t<div class=\"wpfp-grid-content\">\n\t\t<div class=\"wpfp-overlay\">\n\t\t\t<div class=\"wpfp-image-bg\" style=\"height:500px;\">\n\t\t\t\t\t\t\t\t<img decoding=\"async\" src=\"https:\/\/www.terenos.ms.gov.br\/wp-content\/uploads\/07a96949-26dd-4472-bf89-4e25008d5566.jpeg\" alt=\"Terenos \u00e9 destaque nacional recebendo Selo FNAS\" \/>\n\t\t\t\t\t\t\t<\/div>\n\n\t\t\t<div class=\"wpfp-bottom-content\">\n\t\t\t\t\t\t\t\t\t<div class=\"wpfp-categories\"><a href=\"https:\/\/www.terenos.ms.gov.br\/?cat=49\" target=\"self\">Assist\u00eancia Social<\/a><\/div>\n\t\t\t\t\n\t\t\t\t<div class=\"wpfp-title\">\n\t\t\t\t\t<a href=\"https:\/\/www.terenos.ms.gov.br\/?p=8568\">Terenos \u00e9 destaque nacional recebendo Selo FNAS<\/a>\n\t\t\t\t<\/div>\n\n\t\t\t\t\t\t\t\t<div class=\"wpfp-date\">\n\t\t\t\t\t <span>By <a href=\"https:\/\/www.terenos.ms.gov.br\/?author=5\">Admsite Admsite<\/a><\/span>&nbsp;\/&nbsp;29 de abril de 2026\t\t\t\t<\/div>\n\t\t\t\t\t\t\t<\/div>\n\t\t<\/div>\n\t<\/div>\n<\/div><div class=\"wpfp-medium-4 wpfpcolumns\">\n\t<a class=\"wpfp-link-overlay\" href=\"https:\/\/www.terenos.ms.gov.br\/?p=8563\"><\/a>\n\t<div class=\"wpfp-grid-content\">\n\t\t<div class=\"wpfp-overlay\">\n\t\t\t<div class=\"wpfp-image-bg\" style=\"height:500px;\">\n\t\t\t\t\t\t\t\t<img decoding=\"async\" src=\"https:\/\/www.terenos.ms.gov.br\/wp-content\/uploads\/Riedel-obras-em-Terenos-Foto-Saul-Schramm-SecomMS-9-1.jpeg\" alt=\"MS-355: Governo do Estado assina ordem de servi\u00e7o para pavimenta\u00e7\u00e3o e impulsiona desenvolvimento regional\" \/>\n\t\t\t\t\t\t\t<\/div>\n\n\t\t\t<div class=\"wpfp-bottom-content\">\n\t\t\t\t\t\t\t\t\t<div class=\"wpfp-categories\"><a href=\"https:\/\/www.terenos.ms.gov.br\/?cat=48\" target=\"self\">Obras<\/a><\/div>\n\t\t\t\t\n\t\t\t\t<div class=\"wpfp-title\">\n\t\t\t\t\t<a href=\"https:\/\/www.terenos.ms.gov.br\/?p=8563\">MS-355: Governo do Estado assina ordem de servi\u00e7o para pavimenta\u00e7\u00e3o e impulsiona desenvolvimento regional<\/a>\n\t\t\t\t<\/div>\n\n\t\t\t\t\t\t\t\t<div class=\"wpfp-date\">\n\t\t\t\t\t <span>By <a href=\"https:\/\/www.terenos.ms.gov.br\/?author=5\">Admsite Admsite<\/a><\/span>&nbsp;\/&nbsp;24 de abril de 2026\t\t\t\t<\/div>\n\t\t\t\t\t\t\t<\/div>\n\t\t<\/div>\n\t<\/div>\n<\/div><div class=\"wpfp-medium-4 wpfpcolumns\">\n\t<a class=\"wpfp-link-overlay\" href=\"https:\/\/www.terenos.ms.gov.br\/?p=8558\"><\/a>\n\t<div class=\"wpfp-grid-content\">\n\t\t<div class=\"wpfp-overlay\">\n\t\t\t<div class=\"wpfp-image-bg\" style=\"height:500px;\">\n\t\t\t\t\t\t\t\t<img decoding=\"async\" src=\"https:\/\/www.terenos.ms.gov.br\/wp-content\/uploads\/IMG_3929-1.jpeg\" alt=\"Terenos conquista medalha de prata na OBMEP\" \/>\n\t\t\t\t\t\t\t<\/div>\n\n\t\t\t<div class=\"wpfp-bottom-content\">\n\t\t\t\t\t\t\t\t\t<div class=\"wpfp-categories\"><a href=\"https:\/\/www.terenos.ms.gov.br\/?cat=51\" target=\"self\">Educa\u00e7\u00e3o<\/a><\/div>\n\t\t\t\t\n\t\t\t\t<div class=\"wpfp-title\">\n\t\t\t\t\t<a href=\"https:\/\/www.terenos.ms.gov.br\/?p=8558\">Terenos conquista medalha de prata na OBMEP<\/a>\n\t\t\t\t<\/div>\n\n\t\t\t\t\t\t\t\t<div class=\"wpfp-date\">\n\t\t\t\t\t <span>By <a href=\"https:\/\/www.terenos.ms.gov.br\/?author=5\">Admsite Admsite<\/a><\/span>&nbsp;\/&nbsp;24 de abril de 2026\t\t\t\t<\/div>\n\t\t\t\t\t\t\t<\/div>\n\t\t<\/div>\n\t<\/div>\n<\/div><div class=\"wpfp-medium-4 wpfpcolumns\">\n\t<a class=\"wpfp-link-overlay\" href=\"https:\/\/www.terenos.ms.gov.br\/?p=8554\"><\/a>\n\t<div class=\"wpfp-grid-content\">\n\t\t<div class=\"wpfp-overlay\">\n\t\t\t<div class=\"wpfp-image-bg\" style=\"height:500px;\">\n\t\t\t\t\t\t\t\t<img decoding=\"async\" src=\"https:\/\/www.terenos.ms.gov.br\/wp-content\/uploads\/658833020_18389934205159517_2869167498749050273_n.jpg\" alt=\"REFIS 2026\" \/>\n\t\t\t\t\t\t\t<\/div>\n\n\t\t\t<div class=\"wpfp-bottom-content\">\n\t\t\t\t\t\t\t\t\t<div class=\"wpfp-categories\"><a href=\"https:\/\/www.terenos.ms.gov.br\/?cat=61\" target=\"self\">Finan\u00e7as<\/a> <a href=\"https:\/\/www.terenos.ms.gov.br\/?cat=54\" target=\"self\">Tributos<\/a><\/div>\n\t\t\t\t\n\t\t\t\t<div class=\"wpfp-title\">\n\t\t\t\t\t<a href=\"https:\/\/www.terenos.ms.gov.br\/?p=8554\">REFIS 2026<\/a>\n\t\t\t\t<\/div>\n\n\t\t\t\t\t\t\t\t<div class=\"wpfp-date\">\n\t\t\t\t\t <span>By <a href=\"https:\/\/www.terenos.ms.gov.br\/?author=5\">Admsite Admsite<\/a><\/span>&nbsp;\/&nbsp;6 de abril de 2026\t\t\t\t<\/div>\n\t\t\t\t\t\t\t<\/div>\n\t\t<\/div>\n\t<\/div>\n<\/div><div class=\"wpfp-medium-4 wpfpcolumns\">\n\t<a class=\"wpfp-link-overlay\" href=\"https:\/\/www.terenos.ms.gov.br\/?p=8545\"><\/a>\n\t<div class=\"wpfp-grid-content\">\n\t\t<div class=\"wpfp-overlay\">\n\t\t\t<div class=\"wpfp-image-bg\" style=\"height:500px;\">\n\t\t\t\t\t\t\t\t<img decoding=\"async\" src=\"https:\/\/www.terenos.ms.gov.br\/wp-content\/uploads\/unnamed-2-4.jpg\" alt=\"Munic\u00edpio fortalece a\u00e7\u00f5es de combate \u00e0s arboviroses com novas tecnologias e equipamentos\" \/>\n\t\t\t\t\t\t\t<\/div>\n\n\t\t\t<div class=\"wpfp-bottom-content\">\n\t\t\t\t\t\t\t\t\t<div class=\"wpfp-categories\"><a href=\"https:\/\/www.terenos.ms.gov.br\/?cat=14\" target=\"self\">Sa\u00fade<\/a><\/div>\n\t\t\t\t\n\t\t\t\t<div class=\"wpfp-title\">\n\t\t\t\t\t<a href=\"https:\/\/www.terenos.ms.gov.br\/?p=8545\">Munic\u00edpio fortalece a\u00e7\u00f5es de combate \u00e0s arboviroses com novas tecnologias e equipamentos<\/a>\n\t\t\t\t<\/div>\n\n\t\t\t\t\t\t\t\t<div class=\"wpfp-date\">\n\t\t\t\t\t <span>By <a href=\"https:\/\/www.terenos.ms.gov.br\/?author=5\">Admsite Admsite<\/a><\/span>&nbsp;\/&nbsp;1 de abril de 2026\t\t\t\t<\/div>\n\t\t\t\t\t\t\t<\/div>\n\t\t<\/div>\n\t<\/div>\n<\/div>\r\n\t\t<\/div><!-- end .wpfp-featured-post -->\r\n\r\n\t\n<p>[\/et_pb_text][\/et_pb_column][\/et_pb_row][\/et_pb_section]<\/p>\n","protected":false},"excerpt":{"rendered":"<p>[et_pb_section][et_pb_row][et_pb_column type=&#8221;4_4&#8243;][et_pb_text] [\/et_pb_text][\/et_pb_column][\/et_pb_row][\/et_pb_section]<\/p>\n","protected":false},"author":4,"featured_media":0,"parent":0,"menu_order":0,"comment_status":"closed","ping_status":"closed","template":"","meta":{"_et_pb_use_builder":"on","_et_pb_old_content":"<p>[fpc_post_grid]<\/p>","_et_gb_content_width":"","footnotes":""},"class_list":["post-2678","page","type-page","status-publish","hentry"],"_links":{"self":[{"href":"https:\/\/www.terenos.ms.gov.br\/index.php?rest_route=\/wp\/v2\/pages\/2678","targetHints":{"allow":["GET"]}}],"collection":[{"href":"https:\/\/www.terenos.ms.gov.br\/index.php?rest_route=\/wp\/v2\/pages"}],"about":[{"href":"https:\/\/www.terenos.ms.gov.br\/index.php?rest_route=\/wp\/v2\/types\/page"}],"author":[{"embeddable":true,"href":"https:\/\/www.terenos.ms.gov.br\/index.php?rest_route=\/wp\/v2\/users\/4"}],"replies":[{"embeddable":true,"href":"https:\/\/www.terenos.ms.gov.br\/index.php?rest_route=%2Fwp%2Fv2%2Fcomments&post=2678"}],"version-history":[{"count":4,"href":"https:\/\/www.terenos.ms.gov.br\/index.php?rest_route=\/wp\/v2\/pages\/2678\/revisions"}],"predecessor-version":[{"id":4146,"href":"https:\/\/www.terenos.ms.gov.br\/index.php?rest_route=\/wp\/v2\/pages\/2678\/revisions\/4146"}],"wp:attachment":[{"href":"https:\/\/www.terenos.ms.gov.br\/index.php?rest_route=%2Fwp%2Fv2%2Fmedia&parent=2678"}],"curies":[{"name":"wp","href":"https:\/\/api.w.org\/{rel}","templated":true}]}}