{"id":185,"date":"2018-12-11T03:24:58","date_gmt":"2018-12-11T05:24:58","guid":{"rendered":"http:\/\/www.terenos.ms.gov.br\/?page_id=185"},"modified":"2025-01-21T10:02:00","modified_gmt":"2025-01-21T14:02:00","slug":"coleta-de-lixo","status":"publish","type":"page","link":"https:\/\/www.terenos.ms.gov.br\/?page_id=185","title":{"rendered":"Coleta de Lixo"},"content":{"rendered":"<p style=\"text-align: justify;\">Voc\u00ea sabe a import\u00e2ncia da coleta seletiva?<\/p>\n<p style=\"text-align: justify;\">A coleta Seletiva \u00e9 o m\u00e9todo de melhoria da destina\u00e7\u00e3o do lixo, atrav\u00e9s da reciclagem. A coleta no munic\u00edpio \u00e9 feita duas vezes na semana, especificamente quarta e quinta-feira, no per\u00edodo vespertino para recolhimento dos sacos de lixo com o material recicl\u00e1vel e entrega dos novos sacos.<\/p>\n<p style=\"text-align: justify;\">A import\u00e2ncia da coleta est\u00e1 ligada \u00e0 redu\u00e7\u00e3o dos impactos ambientais relacionados ao consumo. A pr\u00e1tica da separa\u00e7\u00e3o dos res\u00edduos, al\u00e9m de diminuir de forma significativa, facilita o tratamento dos impactos negativos no meio ambiente, al\u00e9m de ser a forma mais adequada para o descarte do lixo.<\/p>\n<p style=\"text-align: justify;\">Toda comunidade, por meio da coleta pode contribuir com o pilar dos 3 R\u2019s:<\/p>\n<p style=\"text-align: justify;\">-Reduzir: Redu\u00e7\u00e3o do aumento do lixo, e mudan\u00e7as de h\u00e1bito no consumo;<\/p>\n<p style=\"text-align: justify;\">-Reutilizar: reutiliza\u00e7\u00e3o de produtos renov\u00e1veis;<\/p>\n<p style=\"text-align: justify;\">-Reciclar: transforma\u00e7\u00e3o de produtos antigos em novos produtos. \u00c9 um habito de desenvolvimento sustent\u00e1vel que tem como objetivo fazer a reintegra\u00e7\u00e3o do material \u00e0 cadeia de produ\u00e7\u00e3o.<\/p>\n<p>&nbsp;<\/p>\n\n\t\t<style type=\"text\/css\">\n\t\t\t#gallery-1 {\n\t\t\t\tmargin: auto;\n\t\t\t}\n\t\t\t#gallery-1 .gallery-item {\n\t\t\t\tfloat: left;\n\t\t\t\tmargin-top: 10px;\n\t\t\t\ttext-align: center;\n\t\t\t\twidth: 50%;\n\t\t\t}\n\t\t\t#gallery-1 img {\n\t\t\t\tborder: 2px solid #cfcfcf;\n\t\t\t}\n\t\t\t#gallery-1 .gallery-caption {\n\t\t\t\tmargin-left: 0;\n\t\t\t}\n\t\t\t\/* see gallery_shortcode() in wp-includes\/media.php *\/\n\t\t<\/style>\n\t\t<div id='gallery-1' class='gallery galleryid-185 gallery-columns-2 gallery-size-full'><dl class='gallery-item'>\n\t\t\t<dt class='gallery-icon portrait'>\n\t\t\t\t<a href='https:\/\/www.terenos.ms.gov.br\/?attachment_id=4881'><img decoding=\"async\" width=\"1024\" height=\"1280\" src=\"https:\/\/www.terenos.ms.gov.br\/wp-content\/uploads\/coleta1-2.jpg\" class=\"attachment-full size-full\" alt=\"\" \/><\/a>\n\t\t\t<\/dt><\/dl><dl class='gallery-item'>\n\t\t\t<dt class='gallery-icon portrait'>\n\t\t\t\t<a href='https:\/\/www.terenos.ms.gov.br\/?attachment_id=4878'><img decoding=\"async\" width=\"1024\" height=\"1280\" src=\"https:\/\/www.terenos.ms.gov.br\/wp-content\/uploads\/coleta-2-2.jpg\" class=\"attachment-full size-full\" alt=\"\" \/><\/a>\n\t\t\t<\/dt><\/dl><br style=\"clear: both\" \/><dl class='gallery-item'>\n\t\t\t<dt class='gallery-icon portrait'>\n\t\t\t\t<a href='https:\/\/www.terenos.ms.gov.br\/?attachment_id=4879'><img decoding=\"async\" width=\"1024\" height=\"1280\" src=\"https:\/\/www.terenos.ms.gov.br\/wp-content\/uploads\/coleta-3-2.jpg\" class=\"attachment-full size-full\" alt=\"\" \/><\/a>\n\t\t\t<\/dt><\/dl><dl class='gallery-item'>\n\t\t\t<dt class='gallery-icon portrait'>\n\t\t\t\t<a href='https:\/\/www.terenos.ms.gov.br\/?attachment_id=4880'><img decoding=\"async\" width=\"1024\" height=\"1280\" src=\"https:\/\/www.terenos.ms.gov.br\/wp-content\/uploads\/coleta-4-2.jpg\" class=\"attachment-full size-full\" alt=\"\" \/><\/a>\n\t\t\t<\/dt><\/dl><br style=\"clear: both\" \/>\n\t\t<\/div>\n\n<p>&nbsp;<\/p>\n<h1 style=\"text-align: center;\"><span style=\"color: #008000;\"><strong>COMUNICADO<\/strong><\/span><\/h1>\n<p>&nbsp;<\/p>\n\n\t\t<style type=\"text\/css\">\n\t\t\t#gallery-2 {\n\t\t\t\tmargin: auto;\n\t\t\t}\n\t\t\t#gallery-2 .gallery-item {\n\t\t\t\tfloat: left;\n\t\t\t\tmargin-top: 10px;\n\t\t\t\ttext-align: center;\n\t\t\t\twidth: 50%;\n\t\t\t}\n\t\t\t#gallery-2 img {\n\t\t\t\tborder: 2px solid #cfcfcf;\n\t\t\t}\n\t\t\t#gallery-2 .gallery-caption {\n\t\t\t\tmargin-left: 0;\n\t\t\t}\n\t\t\t\/* see gallery_shortcode() in wp-includes\/media.php *\/\n\t\t<\/style>\n\t\t<div id='gallery-2' class='gallery galleryid-185 gallery-columns-2 gallery-size-full'><dl class='gallery-item'>\n\t\t\t<dt class='gallery-icon portrait'>\n\t\t\t\t<a href='https:\/\/www.terenos.ms.gov.br\/?attachment_id=5660'><img decoding=\"async\" width=\"1135\" height=\"1600\" src=\"https:\/\/www.terenos.ms.gov.br\/wp-content\/uploads\/image_6487327.jpg\" class=\"attachment-full size-full\" alt=\"\" \/><\/a>\n\t\t\t<\/dt><\/dl><dl class='gallery-item'>\n\t\t\t<dt class='gallery-icon portrait'>\n\t\t\t\t<a href='https:\/\/www.terenos.ms.gov.br\/?attachment_id=5659'><img decoding=\"async\" width=\"1135\" height=\"1600\" src=\"https:\/\/www.terenos.ms.gov.br\/wp-content\/uploads\/image_6487327-2.jpg\" class=\"attachment-full size-full\" alt=\"\" \/><\/a>\n\t\t\t<\/dt><\/dl><br style=\"clear: both\" \/>\n\t\t<\/div>\n\n","protected":false},"excerpt":{"rendered":"<p>Voc\u00ea sabe a import\u00e2ncia da coleta seletiva? A coleta Seletiva \u00e9 o m\u00e9todo de melhoria da destina\u00e7\u00e3o do lixo, atrav\u00e9s da reciclagem. A coleta no munic\u00edpio \u00e9 feita duas vezes na semana, especificamente quarta e quinta-feira, no per\u00edodo vespertino para recolhimento dos sacos de lixo com o material recicl\u00e1vel e entrega dos novos sacos. A [&hellip;]<\/p>\n","protected":false},"author":1,"featured_media":0,"parent":0,"menu_order":0,"comment_status":"closed","ping_status":"closed","template":"","meta":{"_et_pb_use_builder":"","_et_pb_old_content":"","_et_gb_content_width":"","footnotes":""},"class_list":["post-185","page","type-page","status-publish","hentry"],"_links":{"self":[{"href":"https:\/\/www.terenos.ms.gov.br\/index.php?rest_route=\/wp\/v2\/pages\/185","targetHints":{"allow":["GET"]}}],"collection":[{"href":"https:\/\/www.terenos.ms.gov.br\/index.php?rest_route=\/wp\/v2\/pages"}],"about":[{"href":"https:\/\/www.terenos.ms.gov.br\/index.php?rest_route=\/wp\/v2\/types\/page"}],"author":[{"embeddable":true,"href":"https:\/\/www.terenos.ms.gov.br\/index.php?rest_route=\/wp\/v2\/users\/1"}],"replies":[{"embeddable":true,"href":"https:\/\/www.terenos.ms.gov.br\/index.php?rest_route=%2Fwp%2Fv2%2Fcomments&post=185"}],"version-history":[{"count":16,"href":"https:\/\/www.terenos.ms.gov.br\/index.php?rest_route=\/wp\/v2\/pages\/185\/revisions"}],"predecessor-version":[{"id":7350,"href":"https:\/\/www.terenos.ms.gov.br\/index.php?rest_route=\/wp\/v2\/pages\/185\/revisions\/7350"}],"wp:attachment":[{"href":"https:\/\/www.terenos.ms.gov.br\/index.php?rest_route=%2Fwp%2Fv2%2Fmedia&parent=185"}],"curies":[{"name":"wp","href":"https:\/\/api.w.org\/{rel}","templated":true}]}}