{"id":174,"date":"2018-12-11T03:16:16","date_gmt":"2018-12-11T05:16:16","guid":{"rendered":"http:\/\/www.terenos.ms.gov.br\/?page_id=174"},"modified":"2025-09-12T12:43:25","modified_gmt":"2025-09-12T16:43:25","slug":"prefeito-e-vice-prefeito","status":"publish","type":"page","link":"https:\/\/www.terenos.ms.gov.br\/?page_id=174","title":{"rendered":"Prefeito e Vice-prefeito"},"content":{"rendered":"<p>[et_pb_section fb_built=&#8221;1&#8243; fullwidth=&#8221;on&#8221; _builder_version=&#8221;4.9.0&#8243; _module_preset=&#8221;default&#8221; top_divider_style=&#8221;wave&#8221; top_divider_color=&#8221;#FFFFFF&#8221; top_divider_height=&#8221;83px&#8221; top_divider_height_tablet=&#8221;&#8221; top_divider_height_phone=&#8221;41px&#8221; top_divider_height_last_edited=&#8221;on|phone&#8221; bottom_divider_style=&#8221;wave&#8221; bottom_divider_color=&#8221;#FFFFFF&#8221; bottom_divider_height=&#8221;75px&#8221; bottom_divider_height_tablet=&#8221;&#8221; bottom_divider_height_phone=&#8221;42px&#8221; bottom_divider_height_last_edited=&#8221;on|phone&#8221;][et_pb_fullwidth_header title=&#8221;Prefeitura&#8221; subhead=&#8221;Prefeito e Vice-prefeito&#8221; text_orientation=&#8221;center&#8221; _builder_version=&#8221;4.9.0&#8243; _module_preset=&#8221;default&#8221; title_font=&#8221;Montserrat|900|||||||&#8221; title_font_size=&#8221;36px&#8221; background_color=&#8221;#38536b&#8221; background_image=&#8221;http:\/\/www.terenos.ms.gov.br\/wp-content\/uploads\/teste-4.jpg&#8221; custom_padding=&#8221;99px||92px|||&#8221;]<\/p>\n<p>&nbsp;<\/p>\n<p><a href=\"http:\/\/www.terenos.ms.gov.br\/wp-content\/uploads\/icones-secretarias.png\"><img decoding=\"async\" src=\"http:\/\/www.terenos.ms.gov.br\/wp-content\/uploads\/icones-secretarias.png\" width=\"296\" height=\"39\" alt=\"\" class=\"wp-image-6911 alignnone size-full\" \/><\/a><\/p>\n<p>[\/et_pb_fullwidth_header][\/et_pb_section][et_pb_section fb_built=&#8221;1&#8243; admin_label=&#8221;About&#8221; _builder_version=&#8221;3.22&#8243;][et_pb_row column_structure=&#8221;2_5,3_5&#8243; _builder_version=&#8221;4.9.0&#8243; background_color=&#8221;#D6D6D6&#8243; custom_padding=&#8221;||0px|||&#8221; global_colors_info=&#8221;{}&#8221;][et_pb_column type=&#8221;2_5&#8243; _builder_version=&#8221;3.25&#8243; custom_padding=&#8221;|||&#8221; custom_padding__hover=&#8221;|||&#8221;][et_pb_image src=&#8221;http:\/\/www.terenos.ms.gov.br\/wp-content\/uploads\/Doutor-Arlindo-Landolfi-Filho-1.png&#8221; title_text=&#8221;Doutor-Arlindo-Landolfi-Filho&#8221; align=&#8221;center&#8221; _builder_version=&#8221;4.9.0&#8243; _module_preset=&#8221;default&#8221; width=&#8221;70%&#8221;][\/et_pb_image][\/et_pb_column][et_pb_column type=&#8221;3_5&#8243; _builder_version=&#8221;3.25&#8243; custom_padding=&#8221;|||&#8221; custom_padding__hover=&#8221;|||&#8221;][et_pb_text _builder_version=&#8221;4.9.0&#8243; text_font=&#8221;||||||||&#8221; text_font_size=&#8221;18px&#8221; text_line_height=&#8221;1.8em&#8221; header_font=&#8221;Montserrat|900|||||||&#8221; header_3_font=&#8221;Montserrat||||||||&#8221; header_3_font_size=&#8221;28px&#8221; header_4_font=&#8221;Montserrat|900|||||||&#8221; header_4_font_size=&#8221;23px&#8221; custom_padding=&#8221;|||&#8221; custom_padding_tablet=&#8221;|40px||40px||true&#8221; custom_padding_last_edited=&#8221;off|desktop&#8221; border_color_left=&#8221;#114776&#8243; global_colors_info=&#8221;{}&#8221;]<\/p>\n<div class=\"kl-title-block clearfix tbk--text- tbk--left text-left tbk-symbol--border  tbk-icon-pos--after-subtitle eluid343f906c \">\n<h3 class=\"tbk__title\" itemprop=\"headline\">Doutor Arlindo Landolfi Filho<\/h3>\n<h4 class=\"tbk__subtitle\" itemprop=\"alternativeHeadline\">Prefeito Interino<\/h4>\n<\/div>\n<p>&nbsp;<\/p>\n<div class=\"zn_text_box eluid9fab0c73  zn_text_box-light element-scheme--light\"><\/div>\n<p>[\/et_pb_text][et_pb_divider color=&#8221;#000000&#8243; divider_style=&#8221;dashed&#8221; _builder_version=&#8221;4.9.0&#8243; _module_preset=&#8221;default&#8221; global_colors_info=&#8221;{}&#8221;][\/et_pb_divider][et_pb_text _builder_version=&#8221;4.9.0&#8243; text_font=&#8221;||||||||&#8221; text_font_size=&#8221;18px&#8221; text_line_height=&#8221;1.8em&#8221; header_font=&#8221;Montserrat|900|||||||&#8221; header_3_font=&#8221;Montserrat||||||||&#8221; header_3_font_size=&#8221;28px&#8221; header_4_font=&#8221;Montserrat|900|||||||&#8221; header_4_font_size=&#8221;23px&#8221; custom_padding=&#8221;|||&#8221; custom_padding_tablet=&#8221;|40px||40px||true&#8221; custom_padding_last_edited=&#8221;off|desktop&#8221; border_color_left=&#8221;#114776&#8243; global_colors_info=&#8221;{}&#8221;]<\/p>\n<div class=\"kl-title-block clearfix tbk--text- tbk--left text-left tbk-symbol--border  tbk-icon-pos--after-subtitle eluid343f906c \">\n<p><span><strong>Telefone: (67) 3246-8201<\/strong><\/span><\/p>\n<p><span><strong>E-mail: gabinete@terenos.ms.gov.br<\/strong><\/span><\/p>\n<p><span><strong>Endere\u00e7o: Av. Doutor Ant\u00f4nio Jos\u00e9 Paniago, 119, Centro, 79190-000, Terenos\/MS.<\/strong><\/span><\/p>\n<\/div>\n<div class=\"zn_text_box eluid9fab0c73  zn_text_box-light element-scheme--light\"><\/div>\n<p>[\/et_pb_text][\/et_pb_column][\/et_pb_row][\/et_pb_section][et_pb_section fb_built=&#8221;1&#8243; fullwidth=&#8221;on&#8221; next_background_color=&#8221;#104776&#8243; _builder_version=&#8221;4.9.0&#8243; _module_preset=&#8221;default&#8221; top_divider_style=&#8221;wave&#8221; top_divider_color=&#8221;#FFFFFF&#8221; top_divider_height_tablet=&#8221;&#8221; top_divider_height_phone=&#8221;45px&#8221; top_divider_height_last_edited=&#8221;on|phone&#8221; bottom_divider_style=&#8221;wave&#8221; bottom_divider_height_tablet=&#8221;&#8221; bottom_divider_height_phone=&#8221;53px&#8221; bottom_divider_height_last_edited=&#8221;on|phone&#8221; global_module=&#8221;6931&#8243;][et_pb_fullwidth_header title=&#8221;Fale Conosco&#8221; text_orientation=&#8221;center&#8221; _builder_version=&#8221;4.9.0&#8243; _module_preset=&#8221;default&#8221; title_font=&#8221;Montserrat|900|||||||&#8221; title_font_size=&#8221;36px&#8221; background_color=&#8221;#38536b&#8221; background_image=&#8221;http:\/\/www.terenos.ms.gov.br\/wp-content\/uploads\/teste-4.jpg&#8221; custom_padding=&#8221;99px||92px|||&#8221;][\/et_pb_fullwidth_header][\/et_pb_section][et_pb_section fb_built=&#8221;1&#8243; _builder_version=&#8221;4.9.0&#8243; _module_preset=&#8221;default&#8221; background_color=&#8221;#104776&#8243; custom_margin=&#8221;-22px|||||&#8221; custom_padding=&#8221;142px|||||&#8221; global_module=&#8221;6930&#8243;][et_pb_row _builder_version=&#8221;4.9.0&#8243; _module_preset=&#8221;default&#8221; background_enable_color=&#8221;off&#8221; custom_padding=&#8221;||0px|||&#8221; global_colors_info=&#8221;{}&#8221;][et_pb_column type=&#8221;4_4&#8243; _builder_version=&#8221;4.9.0&#8243; _module_preset=&#8221;default&#8221;][et_pb_contact_form submit_button_text=&#8221;Enviar Mensagem&#8221; _builder_version=&#8221;4.9.0&#8243; _module_preset=&#8221;default&#8221; captcha_font=&#8221;Montserrat||||||||&#8221; captcha_text_color=&#8221;#FFFFFF&#8221; captcha_font_size=&#8221;17px&#8221; captcha_letter_spacing=&#8221;9px&#8221; custom_button=&#8221;on&#8221; button_text_color=&#8221;#104776&#8243; button_bg_color=&#8221;#EDF000&#8243; button_font=&#8221;Montserrat|900||on|||||&#8221; button_use_icon=&#8221;off&#8221;][et_pb_contact_field field_id=&#8221;Name&#8221; field_title=&#8221;Nome&#8221; _builder_version=&#8221;3.16&#8243; button_text_size__hover_enabled=&#8221;off&#8221; button_one_text_size__hover_enabled=&#8221;off&#8221; button_two_text_size__hover_enabled=&#8221;off&#8221; button_text_color__hover_enabled=&#8221;off&#8221; button_one_text_color__hover_enabled=&#8221;off&#8221; button_two_text_color__hover_enabled=&#8221;off&#8221; button_border_width__hover_enabled=&#8221;off&#8221; button_one_border_width__hover_enabled=&#8221;off&#8221; button_two_border_width__hover_enabled=&#8221;off&#8221; button_border_color__hover_enabled=&#8221;off&#8221; button_one_border_color__hover_enabled=&#8221;off&#8221; button_two_border_color__hover_enabled=&#8221;off&#8221; button_border_radius__hover_enabled=&#8221;off&#8221; button_one_border_radius__hover_enabled=&#8221;off&#8221; button_two_border_radius__hover_enabled=&#8221;off&#8221; button_letter_spacing__hover_enabled=&#8221;off&#8221; button_one_letter_spacing__hover_enabled=&#8221;off&#8221; button_two_letter_spacing__hover_enabled=&#8221;off&#8221; button_bg_color__hover_enabled=&#8221;off&#8221; button_one_bg_color__hover_enabled=&#8221;off&#8221; button_two_bg_color__hover_enabled=&#8221;off&#8221;][\/et_pb_contact_field][et_pb_contact_field field_id=&#8221;Email&#8221; field_title=&#8221;E-mail&#8221; field_type=&#8221;email&#8221; _builder_version=&#8221;3.16&#8243; button_text_size__hover_enabled=&#8221;off&#8221; button_one_text_size__hover_enabled=&#8221;off&#8221; button_two_text_size__hover_enabled=&#8221;off&#8221; button_text_color__hover_enabled=&#8221;off&#8221; button_one_text_color__hover_enabled=&#8221;off&#8221; button_two_text_color__hover_enabled=&#8221;off&#8221; button_border_width__hover_enabled=&#8221;off&#8221; button_one_border_width__hover_enabled=&#8221;off&#8221; button_two_border_width__hover_enabled=&#8221;off&#8221; button_border_color__hover_enabled=&#8221;off&#8221; button_one_border_color__hover_enabled=&#8221;off&#8221; button_two_border_color__hover_enabled=&#8221;off&#8221; button_border_radius__hover_enabled=&#8221;off&#8221; button_one_border_radius__hover_enabled=&#8221;off&#8221; button_two_border_radius__hover_enabled=&#8221;off&#8221; button_letter_spacing__hover_enabled=&#8221;off&#8221; button_one_letter_spacing__hover_enabled=&#8221;off&#8221; button_two_letter_spacing__hover_enabled=&#8221;off&#8221; button_bg_color__hover_enabled=&#8221;off&#8221; button_one_bg_color__hover_enabled=&#8221;off&#8221; button_two_bg_color__hover_enabled=&#8221;off&#8221;][\/et_pb_contact_field][et_pb_contact_field field_id=&#8221;Message&#8221; field_title=&#8221;Mensagem&#8221; field_type=&#8221;text&#8221; fullwidth_field=&#8221;on&#8221; _builder_version=&#8221;3.16&#8243; button_text_size__hover_enabled=&#8221;off&#8221; button_one_text_size__hover_enabled=&#8221;off&#8221; button_two_text_size__hover_enabled=&#8221;off&#8221; button_text_color__hover_enabled=&#8221;off&#8221; button_one_text_color__hover_enabled=&#8221;off&#8221; button_two_text_color__hover_enabled=&#8221;off&#8221; button_border_width__hover_enabled=&#8221;off&#8221; button_one_border_width__hover_enabled=&#8221;off&#8221; button_two_border_width__hover_enabled=&#8221;off&#8221; button_border_color__hover_enabled=&#8221;off&#8221; button_one_border_color__hover_enabled=&#8221;off&#8221; button_two_border_color__hover_enabled=&#8221;off&#8221; button_border_radius__hover_enabled=&#8221;off&#8221; button_one_border_radius__hover_enabled=&#8221;off&#8221; button_two_border_radius__hover_enabled=&#8221;off&#8221; button_letter_spacing__hover_enabled=&#8221;off&#8221; button_one_letter_spacing__hover_enabled=&#8221;off&#8221; button_two_letter_spacing__hover_enabled=&#8221;off&#8221; button_bg_color__hover_enabled=&#8221;off&#8221; button_one_bg_color__hover_enabled=&#8221;off&#8221; button_two_bg_color__hover_enabled=&#8221;off&#8221;][\/et_pb_contact_field][\/et_pb_contact_form][\/et_pb_column][\/et_pb_row][\/et_pb_section][et_pb_section fb_built=&#8221;1&#8243; fullwidth=&#8221;on&#8221; _builder_version=&#8221;4.9.0&#8243; _module_preset=&#8221;default&#8221;][et_pb_fullwidth_code admin_label=&#8221;C\u00f3digo de Largura Inteira&#8221; _builder_version=&#8221;4.9.0&#8243; _module_preset=&#8221;default&#8221;]<iframe src=\"https:\/\/www.google.com\/maps\/embed?pb=!1m14!1m8!1m3!1d14954.376390622214!2d-54.8643385!3d-20.4407782!3m2!1i1024!2i768!4f13.1!3m3!1m2!1s0x948721f300020661%3A0x5a1fc7747d653e33!2sPrefeitura%20Municipal%20de%20Terenos%20-%20MS!5e0!3m2!1spt-PT!2sbr!4v1719525829098!5m2!1spt-PT!2sbr\" width=\"1920\" height=\"450\" style=\"border:0;\" allowfullscreen=\"\" loading=\"lazy\" referrerpolicy=\"no-referrer-when-downgrade\"><\/iframe>[\/et_pb_fullwidth_code][\/et_pb_section]<\/p>\n","protected":false},"excerpt":{"rendered":"<p>[et_pb_section fb_built=&#8221;1&#8243; fullwidth=&#8221;on&#8221; _builder_version=&#8221;4.9.0&#8243; _module_preset=&#8221;default&#8221; top_divider_style=&#8221;wave&#8221; top_divider_color=&#8221;#FFFFFF&#8221; top_divider_height=&#8221;83px&#8221; top_divider_height_tablet=&#8221;&#8221; top_divider_height_phone=&#8221;41px&#8221; top_divider_height_last_edited=&#8221;on|phone&#8221; bottom_divider_style=&#8221;wave&#8221; bottom_divider_color=&#8221;#FFFFFF&#8221; bottom_divider_height=&#8221;75px&#8221; bottom_divider_height_tablet=&#8221;&#8221; bottom_divider_height_phone=&#8221;42px&#8221; bottom_divider_height_last_edited=&#8221;on|phone&#8221;][et_pb_fullwidth_header title=&#8221;Prefeitura&#8221; subhead=&#8221;Prefeito e Vice-prefeito&#8221; text_orientation=&#8221;center&#8221; _builder_version=&#8221;4.9.0&#8243; _module_preset=&#8221;default&#8221; title_font=&#8221;Montserrat|900|||||||&#8221; title_font_size=&#8221;36px&#8221; background_color=&#8221;#38536b&#8221; background_image=&#8221;http:\/\/www.terenos.ms.gov.br\/wp-content\/uploads\/teste-4.jpg&#8221; custom_padding=&#8221;99px||92px|||&#8221;] &nbsp; [\/et_pb_fullwidth_header][\/et_pb_section][et_pb_section fb_built=&#8221;1&#8243; admin_label=&#8221;About&#8221; _builder_version=&#8221;3.22&#8243;][et_pb_row column_structure=&#8221;2_5,3_5&#8243; _builder_version=&#8221;4.9.0&#8243; background_color=&#8221;#D6D6D6&#8243; custom_padding=&#8221;||0px|||&#8221; global_colors_info=&#8221;{}&#8221;][et_pb_column type=&#8221;2_5&#8243; _builder_version=&#8221;3.25&#8243; custom_padding=&#8221;|||&#8221; custom_padding__hover=&#8221;|||&#8221;][et_pb_image src=&#8221;http:\/\/www.terenos.ms.gov.br\/wp-content\/uploads\/Doutor-Arlindo-Landolfi-Filho-1.png&#8221; title_text=&#8221;Doutor-Arlindo-Landolfi-Filho&#8221; align=&#8221;center&#8221; _builder_version=&#8221;4.9.0&#8243; _module_preset=&#8221;default&#8221; width=&#8221;70%&#8221;][\/et_pb_image][\/et_pb_column][et_pb_column type=&#8221;3_5&#8243; _builder_version=&#8221;3.25&#8243; custom_padding=&#8221;|||&#8221; custom_padding__hover=&#8221;|||&#8221;][et_pb_text _builder_version=&#8221;4.9.0&#8243; text_font=&#8221;||||||||&#8221; [&hellip;]<\/p>\n","protected":false},"author":1,"featured_media":0,"parent":0,"menu_order":0,"comment_status":"closed","ping_status":"closed","template":"","meta":{"_et_pb_use_builder":"on","_et_pb_old_content":"","_et_gb_content_width":"","footnotes":""},"class_list":["post-174","page","type-page","status-publish","hentry"],"_links":{"self":[{"href":"https:\/\/www.terenos.ms.gov.br\/index.php?rest_route=\/wp\/v2\/pages\/174","targetHints":{"allow":["GET"]}}],"collection":[{"href":"https:\/\/www.terenos.ms.gov.br\/index.php?rest_route=\/wp\/v2\/pages"}],"about":[{"href":"https:\/\/www.terenos.ms.gov.br\/index.php?rest_route=\/wp\/v2\/types\/page"}],"author":[{"embeddable":true,"href":"https:\/\/www.terenos.ms.gov.br\/index.php?rest_route=\/wp\/v2\/users\/1"}],"replies":[{"embeddable":true,"href":"https:\/\/www.terenos.ms.gov.br\/index.php?rest_route=%2Fwp%2Fv2%2Fcomments&post=174"}],"version-history":[{"count":31,"href":"https:\/\/www.terenos.ms.gov.br\/index.php?rest_route=\/wp\/v2\/pages\/174\/revisions"}],"predecessor-version":[{"id":8173,"href":"https:\/\/www.terenos.ms.gov.br\/index.php?rest_route=\/wp\/v2\/pages\/174\/revisions\/8173"}],"wp:attachment":[{"href":"https:\/\/www.terenos.ms.gov.br\/index.php?rest_route=%2Fwp%2Fv2%2Fmedia&parent=174"}],"curies":[{"name":"wp","href":"https:\/\/api.w.org\/{rel}","templated":true}]}}