{"id":158,"date":"2018-12-11T02:11:35","date_gmt":"2018-12-11T04:11:35","guid":{"rendered":"http:\/\/www.terenos.ms.gov.br\/?page_id=158"},"modified":"2024-10-15T14:23:14","modified_gmt":"2024-10-15T18:23:14","slug":"historia","status":"publish","type":"page","link":"https:\/\/www.terenos.ms.gov.br\/?page_id=158","title":{"rendered":"Hist\u00f3ria"},"content":{"rendered":"<p>[et_pb_section fb_built=&#8221;1&#8243; fullwidth=&#8221;on&#8221; _builder_version=&#8221;4.9.0&#8243; _module_preset=&#8221;default&#8221; top_divider_style=&#8221;wave&#8221; top_divider_color=&#8221;#FFFFFF&#8221; top_divider_height=&#8221;83px&#8221; top_divider_height_tablet=&#8221;&#8221; top_divider_height_phone=&#8221;41px&#8221; top_divider_height_last_edited=&#8221;on|phone&#8221; bottom_divider_style=&#8221;wave&#8221; bottom_divider_color=&#8221;#ebebeb&#8221; bottom_divider_height=&#8221;75px&#8221; bottom_divider_height_tablet=&#8221;&#8221; bottom_divider_height_phone=&#8221;42px&#8221; bottom_divider_height_last_edited=&#8221;on|phone&#8221; hover_enabled=&#8221;0&#8243; sticky_enabled=&#8221;0&#8243;][et_pb_fullwidth_header title=&#8221;Terenos \/ MS&#8221; text_orientation=&#8221;center&#8221; _builder_version=&#8221;4.9.0&#8243; _module_preset=&#8221;default&#8221; title_font=&#8221;Montserrat|900|||||||&#8221; title_font_size=&#8221;36px&#8221; background_color=&#8221;#38536b&#8221; background_image=&#8221;http:\/\/www.terenos.ms.gov.br\/wp-content\/uploads\/teste-4.jpg&#8221; custom_padding=&#8221;99px||92px|||&#8221; hover_enabled=&#8221;0&#8243; subhead=&#8221;Tempo de Conquistas&#8221; subhead_font=&#8221;Montserrat||||||||&#8221; subhead_font_size=&#8221;19px&#8221; sticky_enabled=&#8221;0&#8243;]<\/p>\n<p>&nbsp;<\/p>\n<p><a href=\"http:\/\/www.terenos.ms.gov.br\/wp-content\/uploads\/icones-secretarias.png\"><img decoding=\"async\" src=\"http:\/\/www.terenos.ms.gov.br\/wp-content\/uploads\/icones-secretarias.png\" width=\"296\" height=\"39\" alt=\"\" class=\"wp-image-6911 alignnone size-full\" \/><\/a><\/p>\n<p>[\/et_pb_fullwidth_header][\/et_pb_section][et_pb_section fb_built=&#8221;1&#8243; admin_label=&#8221;About Us&#8221; _builder_version=&#8221;4.9.0&#8243; hover_enabled=&#8221;0&#8243; background_color=&#8221;#ebebeb&#8221; sticky_enabled=&#8221;0&#8243;][et_pb_row _builder_version=&#8221;3.25&#8243; custom_margin=&#8221;-16px|auto||auto||&#8221;][et_pb_column type=&#8221;4_4&#8243; _builder_version=&#8221;3.25&#8243; custom_padding=&#8221;|||&#8221; custom_padding__hover=&#8221;|||&#8221;][et_pb_text _builder_version=&#8221;4.9.0&#8243; text_font=&#8221;||||||||&#8221; header_font=&#8221;||||||||&#8221; header_2_font=&#8221;Montserrat|800|||||||&#8221; header_2_font_size=&#8221;42px&#8221; header_2_line_height=&#8221;1.2em&#8221; text_orientation=&#8221;center&#8221; module_alignment=&#8221;center&#8221; custom_margin=&#8221;|||&#8221; custom_padding=&#8221;|||&#8221; hover_enabled=&#8221;0&#8243; header_2_font_size_tablet=&#8221;&#8221; header_2_font_size_phone=&#8221;36px&#8221; header_2_font_size_last_edited=&#8221;on|phone&#8221; locked=&#8221;off&#8221; sticky_enabled=&#8221;0&#8243;]<\/p>\n<h2>Hist\u00f3ria<\/h2>\n<p>[\/et_pb_text][et_pb_divider color=&#8221;#114776&#8243; divider_position=&#8221;center&#8221; divider_weight=&#8221;5px&#8221; _builder_version=&#8221;4.9.0&#8243; max_width=&#8221;50px&#8221; module_alignment=&#8221;center&#8221; locked=&#8221;off&#8221;][\/et_pb_divider][\/et_pb_column][\/et_pb_row][et_pb_row column_structure=&#8221;1_2,1_2&#8243; _builder_version=&#8221;3.25&#8243;][et_pb_column type=&#8221;1_2&#8243; _builder_version=&#8221;3.25&#8243; custom_padding=&#8221;|||&#8221; custom_padding__hover=&#8221;|||&#8221;][et_pb_text _builder_version=&#8221;4.9.0&#8243; text_font=&#8221;Montserrat||||||||&#8221; text_font_size=&#8221;15px&#8221; text_line_height=&#8221;1.8em&#8221; custom_padding=&#8221;|||&#8221; custom_padding_tablet=&#8221;|40px||40px||true&#8221; custom_padding_last_edited=&#8221;off|desktop&#8221; hover_enabled=&#8221;0&#8243; text_orientation=&#8221;justified&#8221; sticky_enabled=&#8221;0&#8243;]<\/p>\n<p><span>A ocupa\u00e7\u00e3o da \u00e1rea que hoje constitui a cidade de Terenos, at\u00e9 ent\u00e3o habitada pela tribo ind\u00edgena \u201cTerena\u201d, deu-se com a implanta\u00e7\u00e3o da Estrada de Ferro Noroeste do Brasil, que em data de 06 de setembro de 1914, inaugurou a esta\u00e7\u00e3o ferrovi\u00e1ria e telegr\u00e1fica, do mesmo nome, n\u00e3o se prevendo entretanto que ali seria a sede de um pr\u00f3spero munic\u00edpio. A partir de 15 de julho de 1920, a coloniza\u00e7\u00e3o ficou a cargo da Sociedade Territorial Sul Brasileira \u2013 H. Hacker &amp; Cia. \u2013 empresa alem\u00e3 que tinha por finalidade introduzir e localizar imigrantes na regi\u00e3o.<\/span><\/p>\n<p><span><\/span><\/p>\n<p><span>Infelizmente esta colonizadora conseguiu localizar apenas uma fam\u00edlia austr\u00edaca, chefiada pelo senhor Gustavo Pelz, procedente do Estado do Paran\u00e1. Terenos \u00e9 top\u00f4nimo provindo da tribo ind\u00edgena Terenos ou Terenas \u2013 o mesmo que Gaturamorei \u2013 ave de fam\u00edlia dos Tanagr\u00eddeos, tamb\u00e9m chamado \u201cBonito\u201d.<\/span><\/p>\n<p>[\/et_pb_text][\/et_pb_column][et_pb_column type=&#8221;1_2&#8243; _builder_version=&#8221;3.25&#8243; custom_padding=&#8221;|||&#8221; custom_padding__hover=&#8221;|||&#8221;][et_pb_text _builder_version=&#8221;4.9.0&#8243; text_font=&#8221;Montserrat||||||||&#8221; text_font_size=&#8221;15px&#8221; text_line_height=&#8221;1.8em&#8221; custom_padding=&#8221;|||&#8221; custom_padding_tablet=&#8221;|40px||40px||true&#8221; custom_padding_last_edited=&#8221;off|desktop&#8221; hover_enabled=&#8221;0&#8243; locked=&#8221;off&#8221; text_orientation=&#8221;justified&#8221; sticky_enabled=&#8221;0&#8243;]<\/p>\n<p><span>Em 08 de maio de 1924, foi instalada pelo Governo do Estado, em conv\u00eanio com a municipalidade de Campo Grande a Col\u00f4nia Agr\u00edcola de Terenos (hoje conhecida como Col\u00f4nia Velha).\u00a0<\/span><\/p>\n<p><span>Esta Col\u00f4nia tinha a finalidade de assentar em seus respectivos lotes, as fam\u00edlias dos agricultores, as quais recebiam uma casa de madeira coberta de telhas, ferramentas agr\u00edcolas e aux\u00edlio de manuten\u00e7\u00e3o por dois anos. Dada a excelente qualidade de suas terras e o real interesse dos seus dirigentes, a Col\u00f4nia em dois anos havia alcan\u00e7ado pleno \u00eaxito, com uma popula\u00e7\u00e3o de 454 pessoas e uma \u00e1rea cultivada de 381 hectares. Conv\u00eam frizar que a grande maioria dos colonos era de origem europ\u00e9ia. Posteriormente nova \u00e1rea, cont\u00edgua \u00e0 anterior, foi loteada pela Prefeitura de Campo grande, com a denomina\u00e7\u00e3o de \u201cCol\u00f4nia Nova\u201d.\u00a0<\/span><\/p>\n<p>[\/et_pb_text][\/et_pb_column][\/et_pb_row][\/et_pb_section][et_pb_section fb_built=&#8221;1&#8243; _builder_version=&#8221;4.9.0&#8243; _module_preset=&#8221;default&#8221; background_color=&#8221;#FFFFFF&#8221; hover_enabled=&#8221;0&#8243; sticky_enabled=&#8221;0&#8243;][et_pb_row custom_padding_last_edited=&#8221;off|desktop&#8221; _builder_version=&#8221;3.25&#8243; custom_margin=&#8221;|||&#8221; custom_padding=&#8221;0|0|0|0|true|true&#8221; custom_padding_tablet=&#8221;|40px||40px||true&#8221;][et_pb_column type=&#8221;4_4&#8243; _builder_version=&#8221;3.25&#8243; custom_padding=&#8221;|||&#8221; custom_padding__hover=&#8221;|||&#8221;][et_pb_image src=&#8221;http:\/\/www.terenos.ms.gov.br\/wp-content\/uploads\/DSC_0949-scaled.jpg&#8221; title_text=&#8221;DSC_0949&#8243; force_fullwidth=&#8221;on&#8221; align_tablet=&#8221;center&#8221; align_phone=&#8221;&#8221; align_last_edited=&#8221;on|desktop&#8221; _builder_version=&#8221;4.9.0&#8243;][\/et_pb_image][\/et_pb_column][\/et_pb_row][et_pb_row column_structure=&#8221;1_2,1_2&#8243; use_custom_gutter=&#8221;on&#8221; gutter_width=&#8221;1&#8243; padding_top_bottom_link_1=&#8221;true&#8221; padding_top_bottom_link_2=&#8221;true&#8221; _builder_version=&#8221;4.9.0&#8243; background_color=&#8221;#d1d1d1&#8243; custom_margin=&#8221;|||&#8221; custom_padding=&#8221;0||0||true|false&#8221; animation_style=&#8221;slide&#8221; animation_direction=&#8221;top&#8221; animation_intensity_slide=&#8221;10%&#8221; box_shadow_style=&#8221;preset3&#8243; box_shadow_vertical=&#8221;30px&#8221; box_shadow_blur=&#8221;65px&#8221; box_shadow_spread=&#8221;-30px&#8221; box_shadow_color=&#8221;rgba(0,0,0,0.35)&#8221;][et_pb_column type=&#8221;1_2&#8243; _builder_version=&#8221;4.9.0&#8243; background_color=&#8221;#114776&#8243; custom_padding=&#8221;15px||15px|&#8221; custom_padding__hover=&#8221;|||&#8221;][et_pb_number_counter title=&#8221;POPULA\u00c7\u00c3O&#8221; number=&#8221;22.721&#8243; percent_sign=&#8221;off&#8221; _builder_version=&#8221;4.9.0&#8243; title_font=&#8221;Rubik|700||on|||||&#8221; title_text_color=&#8221;#FFFFFF&#8221; title_font_size=&#8221;12px&#8221; title_letter_spacing=&#8221;2px&#8221; title_line_height=&#8221;1.6em&#8221; number_font=&#8221;Rubik|700|||||||&#8221; number_text_color=&#8221;#FFFFFF&#8221; number_font_size=&#8221;42px&#8221; number_line_height=&#8221;110px&#8221; number_font_size_tablet=&#8221;&#8221; number_font_size_phone=&#8221;36px&#8221; number_font_size_last_edited=&#8221;on|phone&#8221;][\/et_pb_number_counter][\/et_pb_column][et_pb_column type=&#8221;1_2&#8243; _builder_version=&#8221;4.9.0&#8243; background_color=&#8221;#EDF000&#8243; custom_padding=&#8221;15px||15px|&#8221; custom_padding__hover=&#8221;|||&#8221;][et_pb_number_counter title=&#8221;ESCOLAS&#8221; number=&#8221;12&#8243; percent_sign=&#8221;off&#8221; _builder_version=&#8221;4.9.0&#8243; title_font=&#8221;Rubik|700||on|||||&#8221; title_text_color=&#8221;#2a2a2a&#8221; title_font_size=&#8221;12px&#8221; title_letter_spacing=&#8221;2px&#8221; title_line_height=&#8221;1.6em&#8221; number_font=&#8221;Rubik|700|||||||&#8221; number_text_color=&#8221;#2a2a2a&#8221; number_font_size=&#8221;42px&#8221; number_line_height=&#8221;110px&#8221; background_layout=&#8221;dark&#8221; number_font_size_tablet=&#8221;&#8221; number_font_size_phone=&#8221;36px&#8221; number_font_size_last_edited=&#8221;on|phone&#8221; locked=&#8221;off&#8221;][\/et_pb_number_counter][\/et_pb_column][\/et_pb_row][et_pb_row _builder_version=&#8221;4.9.0&#8243; custom_padding=&#8221;0px|||||&#8221; hover_enabled=&#8221;0&#8243; sticky_enabled=&#8221;0&#8243;][et_pb_column type=&#8221;4_4&#8243; _builder_version=&#8221;4.9.0&#8243; custom_padding=&#8221;45px||33px||false|false&#8221; hover_enabled=&#8221;0&#8243; custom_padding__hover=&#8221;|||&#8221; background_enable_color=&#8221;off&#8221; sticky_enabled=&#8221;0&#8243;][et_pb_number_counter title=&#8221;PONTOS TUR\u00cdSTICOS&#8221; number=&#8221;7&#8243; percent_sign=&#8221;off&#8221; _builder_version=&#8221;4.9.0&#8243; title_font=&#8221;Rubik|700||on|||||&#8221; title_font_size=&#8221;12px&#8221; title_letter_spacing=&#8221;2px&#8221; title_line_height=&#8221;1.6em&#8221; number_font=&#8221;Rubik|700|||||||&#8221; number_text_color=&#8221;#2a2a2a&#8221; number_font_size=&#8221;42px&#8221; number_line_height=&#8221;110px&#8221; custom_margin=&#8221;-41px||0px||false|false&#8221; custom_padding=&#8221;||26px||false|false&#8221; hover_enabled=&#8221;0&#8243; number_font_size_tablet=&#8221;&#8221; number_font_size_phone=&#8221;36px&#8221; number_font_size_last_edited=&#8221;on|phone&#8221; box_shadow_style=&#8221;preset3&#8243; locked=&#8221;off&#8221; background_color=&#8221;#FFFFFF&#8221; sticky_enabled=&#8221;0&#8243;][\/et_pb_number_counter][\/et_pb_column][\/et_pb_row][\/et_pb_section][et_pb_section fb_built=&#8221;1&#8243; fullwidth=&#8221;on&#8221; next_background_color=&#8221;#104776&#8243; _builder_version=&#8221;4.9.0&#8243; _module_preset=&#8221;default&#8221; top_divider_style=&#8221;wave&#8221; top_divider_color=&#8221;#FFFFFF&#8221; top_divider_height_tablet=&#8221;&#8221; top_divider_height_phone=&#8221;45px&#8221; top_divider_height_last_edited=&#8221;on|phone&#8221; bottom_divider_style=&#8221;wave&#8221; bottom_divider_height_tablet=&#8221;&#8221; bottom_divider_height_phone=&#8221;53px&#8221; bottom_divider_height_last_edited=&#8221;on|phone&#8221; global_module=&#8221;6931&#8243;][et_pb_fullwidth_header title=&#8221;Fale Conosco&#8221; text_orientation=&#8221;center&#8221; _builder_version=&#8221;4.9.0&#8243; _module_preset=&#8221;default&#8221; title_font=&#8221;Montserrat|900|||||||&#8221; title_font_size=&#8221;36px&#8221; background_color=&#8221;#38536b&#8221; background_image=&#8221;http:\/\/www.terenos.ms.gov.br\/wp-content\/uploads\/teste-4.jpg&#8221; custom_padding=&#8221;99px||92px|||&#8221;][\/et_pb_fullwidth_header][\/et_pb_section][et_pb_section fb_built=&#8221;1&#8243; _builder_version=&#8221;4.9.0&#8243; _module_preset=&#8221;default&#8221; background_color=&#8221;#104776&#8243; custom_margin=&#8221;-22px|||||&#8221; custom_padding=&#8221;142px|||||&#8221; global_module=&#8221;6930&#8243;][et_pb_row _builder_version=&#8221;4.9.0&#8243; _module_preset=&#8221;default&#8221; background_enable_color=&#8221;off&#8221; custom_padding=&#8221;||0px|||&#8221; global_colors_info=&#8221;{}&#8221;][et_pb_column type=&#8221;4_4&#8243; _builder_version=&#8221;4.9.0&#8243; _module_preset=&#8221;default&#8221;][et_pb_contact_form submit_button_text=&#8221;Enviar Mensagem&#8221; _builder_version=&#8221;4.9.0&#8243; _module_preset=&#8221;default&#8221; captcha_font=&#8221;Montserrat||||||||&#8221; captcha_text_color=&#8221;#FFFFFF&#8221; captcha_font_size=&#8221;17px&#8221; captcha_letter_spacing=&#8221;9px&#8221; custom_button=&#8221;on&#8221; button_text_color=&#8221;#104776&#8243; button_bg_color=&#8221;#EDF000&#8243; button_font=&#8221;Montserrat|900||on|||||&#8221; button_use_icon=&#8221;off&#8221;][et_pb_contact_field field_id=&#8221;Name&#8221; field_title=&#8221;Nome&#8221; _builder_version=&#8221;3.16&#8243; button_text_size__hover_enabled=&#8221;off&#8221; button_one_text_size__hover_enabled=&#8221;off&#8221; button_two_text_size__hover_enabled=&#8221;off&#8221; button_text_color__hover_enabled=&#8221;off&#8221; button_one_text_color__hover_enabled=&#8221;off&#8221; button_two_text_color__hover_enabled=&#8221;off&#8221; button_border_width__hover_enabled=&#8221;off&#8221; button_one_border_width__hover_enabled=&#8221;off&#8221; button_two_border_width__hover_enabled=&#8221;off&#8221; button_border_color__hover_enabled=&#8221;off&#8221; button_one_border_color__hover_enabled=&#8221;off&#8221; button_two_border_color__hover_enabled=&#8221;off&#8221; button_border_radius__hover_enabled=&#8221;off&#8221; button_one_border_radius__hover_enabled=&#8221;off&#8221; button_two_border_radius__hover_enabled=&#8221;off&#8221; button_letter_spacing__hover_enabled=&#8221;off&#8221; button_one_letter_spacing__hover_enabled=&#8221;off&#8221; button_two_letter_spacing__hover_enabled=&#8221;off&#8221; button_bg_color__hover_enabled=&#8221;off&#8221; button_one_bg_color__hover_enabled=&#8221;off&#8221; button_two_bg_color__hover_enabled=&#8221;off&#8221;][\/et_pb_contact_field][et_pb_contact_field field_id=&#8221;Email&#8221; field_title=&#8221;E-mail&#8221; field_type=&#8221;email&#8221; _builder_version=&#8221;3.16&#8243; button_text_size__hover_enabled=&#8221;off&#8221; button_one_text_size__hover_enabled=&#8221;off&#8221; button_two_text_size__hover_enabled=&#8221;off&#8221; button_text_color__hover_enabled=&#8221;off&#8221; button_one_text_color__hover_enabled=&#8221;off&#8221; button_two_text_color__hover_enabled=&#8221;off&#8221; button_border_width__hover_enabled=&#8221;off&#8221; button_one_border_width__hover_enabled=&#8221;off&#8221; button_two_border_width__hover_enabled=&#8221;off&#8221; button_border_color__hover_enabled=&#8221;off&#8221; button_one_border_color__hover_enabled=&#8221;off&#8221; button_two_border_color__hover_enabled=&#8221;off&#8221; button_border_radius__hover_enabled=&#8221;off&#8221; button_one_border_radius__hover_enabled=&#8221;off&#8221; button_two_border_radius__hover_enabled=&#8221;off&#8221; button_letter_spacing__hover_enabled=&#8221;off&#8221; button_one_letter_spacing__hover_enabled=&#8221;off&#8221; button_two_letter_spacing__hover_enabled=&#8221;off&#8221; button_bg_color__hover_enabled=&#8221;off&#8221; button_one_bg_color__hover_enabled=&#8221;off&#8221; button_two_bg_color__hover_enabled=&#8221;off&#8221;][\/et_pb_contact_field][et_pb_contact_field field_id=&#8221;Message&#8221; field_title=&#8221;Mensagem&#8221; field_type=&#8221;text&#8221; fullwidth_field=&#8221;on&#8221; _builder_version=&#8221;3.16&#8243; button_text_size__hover_enabled=&#8221;off&#8221; button_one_text_size__hover_enabled=&#8221;off&#8221; button_two_text_size__hover_enabled=&#8221;off&#8221; button_text_color__hover_enabled=&#8221;off&#8221; button_one_text_color__hover_enabled=&#8221;off&#8221; button_two_text_color__hover_enabled=&#8221;off&#8221; button_border_width__hover_enabled=&#8221;off&#8221; button_one_border_width__hover_enabled=&#8221;off&#8221; button_two_border_width__hover_enabled=&#8221;off&#8221; button_border_color__hover_enabled=&#8221;off&#8221; button_one_border_color__hover_enabled=&#8221;off&#8221; button_two_border_color__hover_enabled=&#8221;off&#8221; button_border_radius__hover_enabled=&#8221;off&#8221; button_one_border_radius__hover_enabled=&#8221;off&#8221; button_two_border_radius__hover_enabled=&#8221;off&#8221; button_letter_spacing__hover_enabled=&#8221;off&#8221; button_one_letter_spacing__hover_enabled=&#8221;off&#8221; button_two_letter_spacing__hover_enabled=&#8221;off&#8221; button_bg_color__hover_enabled=&#8221;off&#8221; button_one_bg_color__hover_enabled=&#8221;off&#8221; button_two_bg_color__hover_enabled=&#8221;off&#8221;][\/et_pb_contact_field][\/et_pb_contact_form][\/et_pb_column][\/et_pb_row][\/et_pb_section]<\/p>\n","protected":false},"excerpt":{"rendered":"<p>[et_pb_section fb_built=&#8221;1&#8243; fullwidth=&#8221;on&#8221; _builder_version=&#8221;4.9.0&#8243; _module_preset=&#8221;default&#8221; top_divider_style=&#8221;wave&#8221; top_divider_color=&#8221;#FFFFFF&#8221; top_divider_height=&#8221;83px&#8221; top_divider_height_tablet=&#8221;&#8221; top_divider_height_phone=&#8221;41px&#8221; top_divider_height_last_edited=&#8221;on|phone&#8221; bottom_divider_style=&#8221;wave&#8221; bottom_divider_color=&#8221;#ebebeb&#8221; bottom_divider_height=&#8221;75px&#8221; bottom_divider_height_tablet=&#8221;&#8221; bottom_divider_height_phone=&#8221;42px&#8221; bottom_divider_height_last_edited=&#8221;on|phone&#8221; hover_enabled=&#8221;0&#8243; sticky_enabled=&#8221;0&#8243;][et_pb_fullwidth_header title=&#8221;Terenos \/ MS&#8221; text_orientation=&#8221;center&#8221; _builder_version=&#8221;4.9.0&#8243; _module_preset=&#8221;default&#8221; title_font=&#8221;Montserrat|900|||||||&#8221; title_font_size=&#8221;36px&#8221; background_color=&#8221;#38536b&#8221; background_image=&#8221;http:\/\/www.terenos.ms.gov.br\/wp-content\/uploads\/teste-4.jpg&#8221; custom_padding=&#8221;99px||92px|||&#8221; hover_enabled=&#8221;0&#8243; subhead=&#8221;Tempo de Conquistas&#8221; subhead_font=&#8221;Montserrat||||||||&#8221; subhead_font_size=&#8221;19px&#8221; sticky_enabled=&#8221;0&#8243;] &nbsp; [\/et_pb_fullwidth_header][\/et_pb_section][et_pb_section fb_built=&#8221;1&#8243; admin_label=&#8221;About Us&#8221; _builder_version=&#8221;4.9.0&#8243; hover_enabled=&#8221;0&#8243; background_color=&#8221;#ebebeb&#8221; sticky_enabled=&#8221;0&#8243;][et_pb_row _builder_version=&#8221;3.25&#8243; custom_margin=&#8221;-16px|auto||auto||&#8221;][et_pb_column type=&#8221;4_4&#8243; _builder_version=&#8221;3.25&#8243; custom_padding=&#8221;|||&#8221; custom_padding__hover=&#8221;|||&#8221;][et_pb_text _builder_version=&#8221;4.9.0&#8243; text_font=&#8221;||||||||&#8221; header_font=&#8221;||||||||&#8221; [&hellip;]<\/p>\n","protected":false},"author":1,"featured_media":0,"parent":0,"menu_order":0,"comment_status":"closed","ping_status":"closed","template":"","meta":{"_et_pb_use_builder":"on","_et_pb_old_content":"","_et_gb_content_width":"","footnotes":""},"class_list":["post-158","page","type-page","status-publish","hentry"],"_links":{"self":[{"href":"https:\/\/www.terenos.ms.gov.br\/index.php?rest_route=\/wp\/v2\/pages\/158","targetHints":{"allow":["GET"]}}],"collection":[{"href":"https:\/\/www.terenos.ms.gov.br\/index.php?rest_route=\/wp\/v2\/pages"}],"about":[{"href":"https:\/\/www.terenos.ms.gov.br\/index.php?rest_route=\/wp\/v2\/types\/page"}],"author":[{"embeddable":true,"href":"https:\/\/www.terenos.ms.gov.br\/index.php?rest_route=\/wp\/v2\/users\/1"}],"replies":[{"embeddable":true,"href":"https:\/\/www.terenos.ms.gov.br\/index.php?rest_route=%2Fwp%2Fv2%2Fcomments&post=158"}],"version-history":[{"count":25,"href":"https:\/\/www.terenos.ms.gov.br\/index.php?rest_route=\/wp\/v2\/pages\/158\/revisions"}],"predecessor-version":[{"id":6995,"href":"https:\/\/www.terenos.ms.gov.br\/index.php?rest_route=\/wp\/v2\/pages\/158\/revisions\/6995"}],"wp:attachment":[{"href":"https:\/\/www.terenos.ms.gov.br\/index.php?rest_route=%2Fwp%2Fv2%2Fmedia&parent=158"}],"curies":[{"name":"wp","href":"https:\/\/api.w.org\/{rel}","templated":true}]}}